{"id":286,"date":"2016-10-31T13:17:59","date_gmt":"2016-10-31T16:17:59","guid":{"rendered":"https:\/\/escuelajoseneglia-bue.infd.edu.ar\/sitio\/?page_id=286"},"modified":"2025-02-21T09:33:54","modified_gmt":"2025-02-21T12:33:54","slug":"inicio","status":"publish","type":"page","link":"https:\/\/escuelajoseneglia-bue.infd.edu.ar\/sitio\/","title":{"rendered":"Inicio"},"content":{"rendered":"<div  class=\"lgc-column lgc-grid-parent lgc-grid-33 lgc-tablet-grid-50 lgc-mobile-grid-100 lgc-equal-heights \"><div  class=\"inside-grid-column\"> <img decoding=\"async\" loading=\"lazy\" class=\"alignnone wp-image-791 size-full\" src=\"https:\/\/escuelajoseneglia-bue.infd.edu.ar\/sitio\/wp-content\/uploads\/2025\/02\/escuela-de-danza-nueva.jpg\" alt=\"\" width=\"288\" height=\"175\" \/>\n<h4><strong>Espacio de los profesorados de Danza cl\u00e1sica, Danza folkl\u00f3rica y expresi\u00f3n corporal<\/strong><\/h4>\n<figure id=\"attachment_795\" aria-describedby=\"caption-attachment-795\" style=\"width: 98px\" class=\"wp-caption alignnone\"><img decoding=\"async\" loading=\"lazy\" class=\"wp-image-795 size-full\" src=\"https:\/\/escuelajoseneglia-bue.infd.edu.ar\/sitio\/wp-content\/uploads\/2025\/02\/Logo-Mo\u00b4ron.jpg\" alt=\"\" width=\"108\" height=\"108\" \/><figcaption id=\"caption-attachment-795\" class=\"wp-caption-text\">Sitio para nivel superior de la carrera<\/figcaption><\/figure>\n<p>Descripci\u00f3n breve. <span style=\"color: #0000ff;\">[+ INFO]<\/span> <\/p><\/div><\/div> <div  class=\"lgc-column lgc-grid-parent lgc-grid-33 lgc-tablet-grid-50 lgc-mobile-grid-100 lgc-equal-heights \"><div  class=\"inside-grid-column\">\n<h4><strong>Texto destacado<\/strong><\/h4>\n<p>Descripci\u00f3n breve. <span style=\"color: #0000ff;\">[+ INFO<\/span><span style=\"color: #0000ff;\">]<\/span><\/p><\/div><\/div> <div  class=\"lgc-column lgc-grid-parent lgc-grid-33 lgc-tablet-grid-50 lgc-mobile-grid-100 lgc-equal-heights \"><div  class=\"inside-grid-column\"> <img decoding=\"async\" loading=\"lazy\" class=\"alignnone wp-image-706 size-full\" src=\"https:\/\/escuelajoseneglia-bue.infd.edu.ar\/sitio\/wp-content\/uploads\/2018\/07\/home2-examenes.png\" alt=\"\" width=\"313\" height=\"119\" \/>\n<h4><strong>Texto destacado<\/strong><\/h4>\n<p>Descripci\u00f3n breve. <span style=\"color: #0000ff;\">[+ INFO<\/span><span style=\"color: #0000ff;\">]<\/span> <\/p><\/div><\/div>\n<p>Formulario inscripci\u00f3n materias primer a\u00f1o<\/p>\n","protected":false},"excerpt":{"rendered":"<p>Formulario inscripci\u00f3n materias primer a\u00f1o<\/p>\n","protected":false},"author":1,"featured_media":0,"parent":0,"menu_order":0,"comment_status":"closed","ping_status":"closed","template":"","meta":[],"acf":[],"_links":{"self":[{"href":"https:\/\/escuelajoseneglia-bue.infd.edu.ar\/sitio\/wp-json\/wp\/v2\/pages\/286"}],"collection":[{"href":"https:\/\/escuelajoseneglia-bue.infd.edu.ar\/sitio\/wp-json\/wp\/v2\/pages"}],"about":[{"href":"https:\/\/escuelajoseneglia-bue.infd.edu.ar\/sitio\/wp-json\/wp\/v2\/types\/page"}],"author":[{"embeddable":true,"href":"https:\/\/escuelajoseneglia-bue.infd.edu.ar\/sitio\/wp-json\/wp\/v2\/users\/1"}],"replies":[{"embeddable":true,"href":"https:\/\/escuelajoseneglia-bue.infd.edu.ar\/sitio\/wp-json\/wp\/v2\/comments?post=286"}],"version-history":[{"count":91,"href":"https:\/\/escuelajoseneglia-bue.infd.edu.ar\/sitio\/wp-json\/wp\/v2\/pages\/286\/revisions"}],"predecessor-version":[{"id":806,"href":"https:\/\/escuelajoseneglia-bue.infd.edu.ar\/sitio\/wp-json\/wp\/v2\/pages\/286\/revisions\/806"}],"wp:attachment":[{"href":"https:\/\/escuelajoseneglia-bue.infd.edu.ar\/sitio\/wp-json\/wp\/v2\/media?parent=286"}],"curies":[{"name":"wp","href":"https:\/\/api.w.org\/{rel}","templated":true}]}}